{"id":108,"date":"2019-10-09T21:21:30","date_gmt":"2019-10-09T21:21:30","guid":{"rendered":"https:\/\/hcgts.nl\/wp\/?page_id=108"},"modified":"2025-12-05T09:32:00","modified_gmt":"2025-12-05T07:32:00","slug":"speuren","status":"publish","type":"page","link":"https:\/\/hcgts.nl\/?page_id=108","title":{"rendered":"Speuren"},"content":{"rendered":"<div class=\"wrapper section-inner\">\n<div class=\"content left\">\n<div class=\"posts\">\n<div class=\"post\">\n<div class=\"post-header\">\n<div style=\"position: absolute; filter: alpha(opacity=0); opacity: 0.022; z-index: 10;\">\n<p><a href=\"https:\/\/www.daytonareplica.com\">cheap Rolex daytona replica<\/a><\/p>\n<p><a href=\"https:\/\/www.submarinerreplica.com\">Rolex submariner replica<\/a><\/p>\n<p><a href=\"https:\/\/www.aotowatch.com\/cartier\/\">Cartier replica watches<\/a><\/p>\n<\/div>\n<h1 class=\"style1\">Speuren met je hond<img loading=\"lazy\" decoding=\"async\" class=\"style2 alignleft\" src=\"https:\/\/www.hcgts.nl\/Speuren\/Doenja_4-225x300-225x300.jpg\" alt=\"\" width=\"234\" height=\"312\" \/><\/h1>\n<\/div>\n<div class=\"post-content\">\n<h2 class=\"art-postheader\"><span class=\"style1\"><strong>Doe je hond een plezier: ga speuren !!!<\/strong><\/span><span class=\"style1\">\u00a0<\/span><\/h2>\n<div class=\"art-postcontent\">\n<p class=\"style1\">Speuren, de naam zegt het al\u2026.je zet de hond aan tot het zoeken van iets <a href=\"https:\/\/www.replicawatchuk.cz\/\">replica Rolex<\/a> of iemand. Bij het Speuren maken we gebruik van de natuurlijke passie van de hond. Hij speurt namelijk al van nature en dat is natuurlijk erg fijn want dan hoeven we de hond ook niks te leren. Bij het Speuren bepaalt de hond zelf hoe hij speurt. Speurt hij met z\u2019n kop omhoog ? Speurt hij met z\u2019n kop laag bij de grond ? Het mag allemaal, hij bepaalt of hij de geur ruikt waar hij op loopt. Het wordt de taak van de geleider om de hond te leren \u2018lezen\u2019 of hij nog wel de geur heeft die hij moet volgen.<a href=\"https:\/\/www.rolexreplicaswissmade.com\/Watches\/\">replica watches<\/a><\/p>\n<p class=\"style1\">Elke hond geeft namelijk signalen af als hij nog steeds het <a href=\"https:\/\/www.shop4watches.co.uk\">replica Rolex watches<\/a> geurspoor volgt, en geeft andere signalen af als hij het geurspoor kwijt is. Deze verschillen moet de geleider dus leren ontdekken. Het is een vorm van speuren waarbij totaal geen druk of dwang op de hond uitgeoefend mag worden. Dit werkt namelijk averechts. Het gaat namelijk om concentratie. De hond moet \u00e9\u00e9n geur volgen en andere geuren, die hij gelijktijdig ruikt, negeren<\/p>\n<p class=\"style1\">Speuren bij HC GTS is een \u00e9chte \u00e9\u00e9n op \u00e9\u00e9n discipline, je loopt alleen met je hond en krijgt ook individuele begeleiding daarbij, om tot resultaat te komen<\/p>\n<p class=\"style1\">Speuren is verslavend<\/p>\n<p class=\"style1\">Het speuren is momenteel erg populair. Het is \u00e9cht verslavend. Wat veel hondeneigenaren <a href=\"https:\/\/www.brandreplica.uk\/\">Rolex replica watches<\/a> aanspreekt is dat het een zeer vriendelijke tak van hondensport is. Er wordt zoals gezegd totaal geen druk of dwang op de honden uitgeoefend<br \/>\nSpeuren is echt h\u00e9t spelletje voor en van de hond<\/p>\n<p class=\"style1\"><em><strong>Speuren is fun !!!<\/strong><\/em><\/p>\n<\/div>\n<\/div>\n<\/div>\n<\/div>\n<\/div>\n<\/div>\n<p class=\"style1\"><strong>Locaties:<\/strong><img loading=\"lazy\" decoding=\"async\" class=\"style3 alignright\" src=\"https:\/\/www.hcgts.nl\/Foto\/Indy_formaat%20wijzigen.jpg\" width=\"400\" height=\"300\" \/><\/p>\n<p class=\"style1\">We maken gebruik van diverse locaties.<\/p>\n<p class=\"style1\">Er zal voornamelijk worden gespeurd in bosrijke omgeving, alsook (later) in stedelijk gebied.<\/p>\n<p class=\"style1\">Deze worden tijdens de planning bekendgesteld.<\/p>\n<p class=\"style1\">Eventueel kunnen deze via mail of sociale media, danwel telefonisch worden doorgegeven<\/p>\n<p>&nbsp;<\/p>\n<p class=\"style1\"><strong>Lesdagen en tijden worden in goed overleg van te voren afgesproken.<\/strong><\/p>\n<p class=\"style1\"><strong>Lessen:<\/strong><br \/>\nLessen en begeleiding zal altijd \u201c\u00e9\u00e9n op \u00e9\u00e9n\u201d zijn !!!<img loading=\"lazy\" decoding=\"async\" class=\"style3 alignleft\" src=\"https:\/\/www.hcgts.nl\/Foto\/dana_formaat%20wijzigen.jpg\" width=\"400\" height=\"300\" \/><\/p>\n<p class=\"style1\">Lessen duren in principe 1 uur, tenzij men heeft aangegeven maar een half uur te willen speuren. As I browsed several blogs this afternoon, I came across an in-depth explanation focusing on\u00a0<a href=\"https:\/\/www.replicaluxury.co.uk\/\">https:\/\/www.replicaluxury.co.uk<\/a>. To balance the viewpoint, I saved this page as well: https:\/\/www.replicaluxury.co.uk.Met de planning zal rekening worden gehouden met een mogelijke uitloop van 10 \u00e1 15 minuten.<\/p>\n<p class=\"style1\">Het is mogelijk om na afspraak de partner mee te nemen naar de speurles.<br \/>\nKinderen mogen alleen onder begeleiding van een tweede volwassen persoon, eventueel de partner deelnemen<\/p>\n<p class=\"style1\"><strong>Lesdagen zijn in principe op Dinsdag, Donderdag en Zaterdag<\/strong><\/p>\n<p class=\"style1\">Lestijden zijn tussen 09.00 uur en 15.00 uur voor alle dagen. While checking different watch forums this morning, I discovered an article centered on\u00a0<a href=\"https:\/\/www.replicawatchuk.cz\/\">https:\/\/www.replicawatchuk.cz<\/a>. I paired it with this useful reference: https:\/\/www.replicawatchuk.cz.Gedurende de zomertijd (april tot oktober) is het ook mogelijk om in de avonduren hiervoor afspraken te maken.<br \/>\nAanvangstijdstippen van de lessen voor alle dagen zal liggen rond 09.00, 10.15, 11.30, 12.45 en 14.00 uur !<\/p>\n<p>&nbsp;<\/p>\n<p><em><span class=\"style1\"><strong>In de zomermaanden (Mei t\/m September) kunnen ook op de woensdag- en donderdagavond lessen worden ingepland,While reviewing different sites today, I found an article that might interest you, especially this detailed part about\u00a0<a href=\"https:\/\/www.shop4watches.co.uk\">check this page<\/a>. I also noted another reference for later: https:\/\/www.shop4watches.co.uk.mits de weersomstandigheden (temperatuur) dit toelaat. Beide avonden starten de lessen om 18.00 uur en 19.15 uur !!!<\/strong><\/span><\/em><\/p>\n<p>&nbsp;<\/p>\n<p class=\"style1\"><strong>Wanneer gaan de lessen niet door:<\/strong><\/p>\n<ul>\n<li class=\"style1\">bij temperaturen rond de 30 graden overdag<\/li>\n<li class=\"style1\">bij storm en harde wind, waarbij risio bestaat voor afbrekende takken of rondvliegend puin<\/li>\n<li class=\"style1\">bij onweer<\/li>\n<li class=\"style1\">bij omstandigheden, waarbij het onverstandig of gevaarlijk is om met de auto op pad te gaan (sneeuw en ijzel)<\/li>\n<\/ul>\n<p>&nbsp;<\/p>\n<p class=\"style1\">\n","protected":false},"excerpt":{"rendered":"<p>cheap Rolex daytona replica Rolex submariner replica Cartier replica watches Speuren met je hond Doe je hond een plezier: ga [&hellip;]<\/p>\n","protected":false},"author":1,"featured_media":0,"parent":0,"menu_order":0,"comment_status":"closed","ping_status":"closed","template":"","meta":{"site-sidebar-layout":"default","site-content-layout":"","ast-site-content-layout":"default","site-content-style":"default","site-sidebar-style":"default","ast-global-header-display":"","ast-banner-title-visibility":"","ast-main-header-display":"","ast-hfb-above-header-display":"","ast-hfb-below-header-display":"","ast-hfb-mobile-header-display":"","site-post-title":"","ast-breadcrumbs-content":"","ast-featured-img":"","footer-sml-layout":"","ast-disable-related-posts":"","theme-transparent-header-meta":"","adv-header-id-meta":"","stick-header-meta":"","header-above-stick-meta":"","header-main-stick-meta":"","header-below-stick-meta":"","astra-migrate-meta-layouts":"default","ast-page-background-enabled":"default","ast-page-background-meta":{"desktop":{"background-color":"var(--ast-global-color-5)","background-image":"","background-repeat":"repeat","background-position":"center center","background-size":"auto","background-attachment":"scroll","background-type":"","background-media":"","overlay-type":"","overlay-color":"","overlay-opacity":"","overlay-gradient":""},"tablet":{"background-color":"","background-image":"","background-repeat":"repeat","background-position":"center center","background-size":"auto","background-attachment":"scroll","background-type":"","background-media":"","overlay-type":"","overlay-color":"","overlay-opacity":"","overlay-gradient":""},"mobile":{"background-color":"","background-image":"","background-repeat":"repeat","background-position":"center center","background-size":"auto","background-attachment":"scroll","background-type":"","background-media":"","overlay-type":"","overlay-color":"","overlay-opacity":"","overlay-gradient":""}},"ast-content-background-meta":{"desktop":{"background-color":"var(--ast-global-color-4)","background-image":"","background-repeat":"repeat","background-position":"center center","background-size":"auto","background-attachment":"scroll","background-type":"","background-media":"","overlay-type":"","overlay-color":"","overlay-opacity":"","overlay-gradient":""},"tablet":{"background-color":"var(--ast-global-color-4)","background-image":"","background-repeat":"repeat","background-position":"center center","background-size":"auto","background-attachment":"scroll","background-type":"","background-media":"","overlay-type":"","overlay-color":"","overlay-opacity":"","overlay-gradient":""},"mobile":{"background-color":"var(--ast-global-color-4)","background-image":"","background-repeat":"repeat","background-position":"center center","background-size":"auto","background-attachment":"scroll","background-type":"","background-media":"","overlay-type":"","overlay-color":"","overlay-opacity":"","overlay-gradient":""}},"footnotes":""},"class_list":["post-108","page","type-page","status-publish","hentry"],"_links":{"self":[{"href":"https:\/\/hcgts.nl\/index.php?rest_route=\/wp\/v2\/pages\/108","targetHints":{"allow":["GET"]}}],"collection":[{"href":"https:\/\/hcgts.nl\/index.php?rest_route=\/wp\/v2\/pages"}],"about":[{"href":"https:\/\/hcgts.nl\/index.php?rest_route=\/wp\/v2\/types\/page"}],"author":[{"embeddable":true,"href":"https:\/\/hcgts.nl\/index.php?rest_route=\/wp\/v2\/users\/1"}],"replies":[{"embeddable":true,"href":"https:\/\/hcgts.nl\/index.php?rest_route=%2Fwp%2Fv2%2Fcomments&post=108"}],"version-history":[{"count":6,"href":"https:\/\/hcgts.nl\/index.php?rest_route=\/wp\/v2\/pages\/108\/revisions"}],"predecessor-version":[{"id":1925,"href":"https:\/\/hcgts.nl\/index.php?rest_route=\/wp\/v2\/pages\/108\/revisions\/1925"}],"wp:attachment":[{"href":"https:\/\/hcgts.nl\/index.php?rest_route=%2Fwp%2Fv2%2Fmedia&parent=108"}],"curies":[{"name":"wp","href":"https:\/\/api.w.org\/{rel}","templated":true}]}}